{"id":38,"date":"2021-05-09T12:28:56","date_gmt":"2021-05-09T12:28:56","guid":{"rendered":"https:\/\/test.thordronics.de\/?page_id=38"},"modified":"2021-05-09T12:28:56","modified_gmt":"2021-05-09T12:28:56","slug":"freiwillige-helfer","status":"publish","type":"page","link":"https:\/\/www.foerderverein-kita-pye.de\/?page_id=38","title":{"rendered":"Freiwillige Helfer"},"content":{"rendered":"\n<h2 class=\"wp-block-heading\">Jede Hilfe ist willkommen. Sie k\u00f6nnen den F\u00f6rderverein der st\u00e4dtischen Kindertagest\u00e4tte Pye e.V. auf viele verschiedene Arten unterst\u00fctzen: Von der Verteilung der Flyer des F\u00f6rdervereines bis hin zur Teilnahme an gesellschaftlichen und Sport-Events.<\/h2>\n\n\n\n<h2 class=\"wp-block-heading\">Bitte senden Sie uns eine E-mail oder sprechen Sie uns an, wir schlagen Ihnen gern vor, wie Sie sich beteiligen und uns unterst\u00fctzen k\u00f6nnen.<\/h2>\n\n\n\n<p><\/p>\n","protected":false},"excerpt":{"rendered":"<p>Jede Hilfe ist willkommen. Sie k\u00f6nnen den F\u00f6rderverein der st\u00e4dtischen Kindertagest\u00e4tte Pye e.V. auf viele verschiedene Arten unterst\u00fctzen: Von der Verteilung der Flyer des F\u00f6rdervereines bis hin zur Teilnahme an [&hellip;]<\/p>\n","protected":false},"author":2,"featured_media":0,"parent":0,"menu_order":0,"comment_status":"closed","ping_status":"closed","template":"","meta":{"footnotes":""},"class_list":["post-38","page","type-page","status-publish","hentry"],"_links":{"self":[{"href":"https:\/\/www.foerderverein-kita-pye.de\/index.php?rest_route=\/wp\/v2\/pages\/38","targetHints":{"allow":["GET"]}}],"collection":[{"href":"https:\/\/www.foerderverein-kita-pye.de\/index.php?rest_route=\/wp\/v2\/pages"}],"about":[{"href":"https:\/\/www.foerderverein-kita-pye.de\/index.php?rest_route=\/wp\/v2\/types\/page"}],"author":[{"embeddable":true,"href":"https:\/\/www.foerderverein-kita-pye.de\/index.php?rest_route=\/wp\/v2\/users\/2"}],"replies":[{"embeddable":true,"href":"https:\/\/www.foerderverein-kita-pye.de\/index.php?rest_route=%2Fwp%2Fv2%2Fcomments&post=38"}],"version-history":[{"count":0,"href":"https:\/\/www.foerderverein-kita-pye.de\/index.php?rest_route=\/wp\/v2\/pages\/38\/revisions"}],"wp:attachment":[{"href":"https:\/\/www.foerderverein-kita-pye.de\/index.php?rest_route=%2Fwp%2Fv2%2Fmedia&parent=38"}],"curies":[{"name":"wp","href":"https:\/\/api.w.org\/{rel}","templated":true}]}}