{"id":15,"date":"2021-05-09T11:55:40","date_gmt":"2021-05-09T11:55:40","guid":{"rendered":"https:\/\/test.thordronics.de\/?page_id=15"},"modified":"2021-05-09T11:55:40","modified_gmt":"2021-05-09T11:55:40","slug":"satzung-2","status":"publish","type":"page","link":"https:\/\/www.foerderverein-kita-pye.de\/?page_id=15","title":{"rendered":"Satzung"},"content":{"rendered":"\n<p>Die Satzung <a href=\"https:\/\/www.foerderverein-kita-pye.de\/wp-content\/uploads\/2021\/05\/Satzung.pdf\" data-type=\"URL\" data-id=\"https:\/\/www.foerderverein-kita-pye.de\/wp-content\/uploads\/2021\/05\/Satzung.pdf\">hier im original als Download<\/a>,<\/p>\n\n\n\n<p>des F\u00f6rdervereins des st\u00e4dtischen Kindergartens Pye<\/p>\n\n\n\n<p>in Osnabr\u00fcck &#8211; Pye<\/p>\n\n\n\n<h1 class=\"wp-block-heading\">\u00a71 Name und Sitz; Gesch\u00e4ftsjahr<\/h1>\n\n\n\n<p>(1) Der Verein tr\u00e4gt den Namen &#8222;F\u00f6rderverein des<\/p>\n\n\n\n<p>st\u00e4dtischen Kindergartens Pye e.V.&#8220;<\/p>\n\n\n\n<p>(2) Er hat seinen Sitz in 4500 Osnabr\u00fcck-Pye.<\/p>\n\n\n\n<p>(3) Er soll in das Vereinsregister eingetragen werden,<\/p>\n\n\n\n<p>(4) Gesch\u00e4ftsjahr ist das Kalenderjahr.<\/p>\n\n\n\n<h1 class=\"wp-block-heading\">\u00a72 Zweck und Aufgaben des Vereins<\/h1>\n\n\n\n<p>(1) Zweck des Vereins ist die F\u00f6rderung der Arbeit und der Einrichtung des st\u00e4dtischen Kindergartens Pye. Der Satzungszweck soll verwirklicht werden durch ideelle und materielle Hilfe in der Unterhaltung des Kindergartens.<\/p>\n\n\n\n<p>F\u00fcr diesen Zweck sollen neben den zu erhebenden Mitgliedsbeitr\u00e4gen Spenden gesammelt werden, (2) Der Verein verfolgt ausschlie\u00dflich und unmittelbar gemeinn\u00fctzige Wohlfahrtszwecke im Sinne des Abschnittes &#8222;Steuerbeg\u00fcnstigte Zwecke&#8220; der Abgabenordnung.<\/p>\n\n\n\n<h1 class=\"wp-block-heading\">\u00a73 Selbstlosigkeit<\/h1>\n\n\n\n<p>(1) Der Verein ist selbstlos t\u00e4tig; er verfolgt nicht<\/p>\n\n\n\n<p>in erster Linie eigenwirtschaftliche Zwecke.<\/p>\n\n\n\n<p>(2) Mittel des Vereins d\u00fcrfen nur f\u00fcr die Satzungsm\u00e4\u00dfigen Zwecke verwendet werden. Die Mitglieder<\/p>\n\n\n\n<p>erhalten keine Zuwendung en aus Mitteln des Vereins.<\/p>\n\n\n\n<p>(3 Die Mitglieder erhalten bei ihrem Ausscheiden<\/p>\n\n\n\n<p>oder bei Aufl8sung des Vereins keine Anteile des<\/p>\n\n\n\n<p>Vereinsverm\u00f6gen<\/p>\n\n\n\n<p>(4) Bis darf keine Person durch Ausgaben, die dem<\/p>\n\n\n\n<p>Zweck des Vereins fremd sind, oder durch unverh\u00e4ltnism\u00e4\u00dfig hohe Verg\u00fctungen beg\u00fcnstigt werden.<\/p>\n\n\n\n<h1 class=\"wp-block-heading\">\u00a74 Mitgliedschaft<\/h1>\n\n\n\n<p>(1) Mitglied des Vereins kann jede nat\u00fcrliche und<\/p>\n\n\n\n<p>juristische Person werden, die die 2iele und Aufgaben des Vereins anerkennt und unterst\u00fctzt.<\/p>\n\n\n\n<p>(2) Uber den schriftlichen Antrag auf Aufnahme in den Verein entscheidet der Vorstand. Gegen die Ablehnung der Aufnahme kann die Mitgliederversammlung angerufen werden.<\/p>\n\n\n\n<p>(3) Der Austritt eines Mitgliedes ist nur zum Ende des Gesch\u00e4ftsjahres m\u00f6glich. Er erfolgt durch schriftliche Erkl\u00e4rung gegen\u00fcber dem Vorstand unter Einhaltung einer Frist von 4 Wochen.<\/p>\n\n\n\n<p>4) Bin Mitglied kann auf Antrag des Vorstandes durch Beschluss der Mitgliederversammlung ausgeschlossen werden, wenn es das Ansehen des Vereins oder insbesondere des gef\u00f6rderten Kindergartens au\u00dfen erheblich sch\u00e4digt, dem Zweck des Vereins au\u00dferhalb seiner Organe entgegenwirkt oder seinen Beitragspflichten nicht nachkommt.<\/p>\n\n\n\n<h1 class=\"wp-block-heading\">\u00a75 Beitr\u00e4ge<\/h1>\n\n\n\n<p>(1) Die Mitglieder zahlen einen Beitrag in H\u00f6he von DM 12,00 (Zw\u00f6lf-Deuf3che- Mark)<\/p>\n\n\n\n<p>j\u00e4hrlich, der j\u00e4hrlich im Voraus zu entrichten 1st.<\/p>\n\n\n\n<p>(2) Zur Festsetzung eines ge\u00e4nderten Mindestbeitrages ist eine 2\/3 &#8211; Mehrheit der Mitgliederversammlung erforderlich.<\/p>\n\n\n\n<h1 class=\"wp-block-heading\">\u00a76 Organe des Vereins<\/h1>\n\n\n\n<p>Organe des Vereins sind:<\/p>\n\n\n\n<p>(1) die Mitgliederversammlung,<\/p>\n\n\n\n<p>(2) der Vorstand<\/p>\n\n\n\n<h1 class=\"wp-block-heading\">\u00a77 Mitgliederversammlung<\/h1>\n\n\n\n<p>(1) Die Mitgliederversammlung ist einmal j\u00e4hrlich einzuberufen.<\/p>\n\n\n\n<p>(2) Au\u00dferordentliche Mitgliederversammlung sind zu berufen, wenn das Interesse des Vereins sie erfordert oder die Berufung von 1\/3 s\u00e4mtlicher Vereinsmitglieder unter Angabe der Grinde vom Vorstand verlangt wird.<\/p>\n\n\n\n<p>(3) Die Einberufung der Mitgliederversammlung erfolgt schriftlich durch den Vorsitzenden unter Wahrung einer Einladungsfrist von 2 Wochen bei Bleichzeitiger Bekanntgabe der Tagesordnung.<\/p>\n\n\n\n<h1 class=\"wp-block-heading\">\u00a78 Vorstand<\/h1>\n\n\n\n<p>(1) Der Vorstand besteht aus:<\/p>\n\n\n\n<p>(a) dem Vorsitzenden,<\/p>\n\n\n\n<p>(b) dem stellvertretenden Vorsitzenden,<\/p>\n\n\n\n<p>c) dem Schatzmeister (Kassenf\u00fchrer),<\/p>\n\n\n\n<p>a) dem Schriftf\u00fchrer,<\/p>\n\n\n\n<p>e dem Pressesprecher (0ffentlichkeitsarbeit)<\/p>\n\n\n\n<p>(2) Die Vorstandsmitglieder (1) (a) bis (e) werden von der Mitgliederversammlung f\u00fcr 2 Jahre gew\u00e4hlt. Diese Vorstandsmitglieder bleiben bis zur Neu- bzw., Wiederwahl im Amt.<\/p>\n\n\n\n<p>(3) Der Vorsitzende des Vorstandes und dessen Stellvertreter sind Vorstand im Sinne des 9 26 BGB; sie vertreten den Verein gemeinschaftlich.<\/p>\n\n\n\n<p>(4) Der Vorstand tritt bei Bedarf, jedoch mindestens einmal 1\/43\u00e4hrlich zusammen. Er ist beschlussf\u00e4hig, wenn mindestens 3 der unter<\/p>\n\n\n\n<p>(1) (a) bis (e) genannten Vorstandsmitglieder anwesend sind.<\/p>\n\n\n\n<p>(5) Der Vorstand arbeitet ehrenamtlich und ohne Entsch\u00e4digung.<\/p>\n\n\n\n<h1 class=\"wp-block-heading\">\u00a79 Pr\u00fcfung<\/h1>\n\n\n\n<p>(1) Die Mitgliederversammlung bestellt zwei Vereinsmitglieder, die nicht dem Vorstand angeh\u00f6ren d\u00fcrfen, zu Kassenpr\u00fcfern.<\/p>\n\n\n\n<p>(2) Diese pr\u00fcfen den Eingang der Beitr\u00e4ge und Kontrollieren die zweckentsprechende Verwendung der vereinnahmten Mittel.<\/p>\n\n\n\n<p>(3) Uber die Pr\u00fcfung ist eine Niederschrift zu fertigen und der Mitgliederversammlung in der n\u00e4chsten Sitzung vorzulegen.<\/p>\n\n\n\n<h1 class=\"wp-block-heading\">\u00a710 Niederschrift und Beschl\u00fcsse<\/h1>\n\n\n\n<p>(2) Der Schriftf\u00fchrer f\u00fchrt \u00fcber die Mitgliederversammlungen und die Vorstandssitzungen sowie \u00fcber die gefassten Beschl\u00fcsse eine Niederschrift.<\/p>\n\n\n\n<p>Sie ist vom Vorsitzenden und vom Schriftf\u00fchrerzu unterzeichnen.<\/p>\n\n\n\n<p>(2) Beschl\u00fcsse der Mitgliederversammlung und des Vorstandes werden mit Mehrheit der Stimmen gef\u00e4llt. Bei Stimmengleichheit ist ein Antrag abgelehnt.<\/p>\n\n\n\n<p>(3) Beschl\u00fcsse der Mitgliederversammlung \u00fcber Satzungs\u00e4nderungen und \u00fcber die H\u00f6he des j\u00e4hrlichen Mindestbeitrages (55 Abs. 2) bed\u00fcrfen einer Mehrheit von 2\/3 der anwesenden Mitglieder; Beschl\u00fcsse \u00fcber die Aufl\u00f6sung des Vereins bed\u00fcrfen einer Mehrheit von 2\/3 der Mitglieder.<\/p>\n\n\n\n<h1 class=\"wp-block-heading\">\u00a711 Aufl\u00f6sung des Vereins<\/h1>\n\n\n\n<p>Bei Aufl\u00f6sung des Vereins, Aufhebung des Vereins oder Wegfall seines bisherigen Zweckes fallt das Verm\u00f6gen des Vereins an die Stadt Osnabr\u00fcck, mit der Ma\u00dfgabe, es unmittelbar und ausschlie\u00dflich f\u00fcr gemeinn\u00fctzige Zwecke des Kindergarten Pye zu verwenden.<\/p>\n\n\n\n<p>Osnabr\u00fcck Pye, den 07.04.1992<\/p>\n","protected":false},"excerpt":{"rendered":"<p>Die Satzung hier im original als Download, des F\u00f6rdervereins des st\u00e4dtischen Kindergartens Pye in Osnabr\u00fcck &#8211; Pye \u00a71 Name und Sitz; Gesch\u00e4ftsjahr (1) Der Verein tr\u00e4gt den Namen &#8222;F\u00f6rderverein des [&hellip;]<\/p>\n","protected":false},"author":2,"featured_media":0,"parent":0,"menu_order":0,"comment_status":"closed","ping_status":"closed","template":"","meta":{"footnotes":""},"class_list":["post-15","page","type-page","status-publish","hentry"],"_links":{"self":[{"href":"https:\/\/www.foerderverein-kita-pye.de\/index.php?rest_route=\/wp\/v2\/pages\/15","targetHints":{"allow":["GET"]}}],"collection":[{"href":"https:\/\/www.foerderverein-kita-pye.de\/index.php?rest_route=\/wp\/v2\/pages"}],"about":[{"href":"https:\/\/www.foerderverein-kita-pye.de\/index.php?rest_route=\/wp\/v2\/types\/page"}],"author":[{"embeddable":true,"href":"https:\/\/www.foerderverein-kita-pye.de\/index.php?rest_route=\/wp\/v2\/users\/2"}],"replies":[{"embeddable":true,"href":"https:\/\/www.foerderverein-kita-pye.de\/index.php?rest_route=%2Fwp%2Fv2%2Fcomments&post=15"}],"version-history":[{"count":0,"href":"https:\/\/www.foerderverein-kita-pye.de\/index.php?rest_route=\/wp\/v2\/pages\/15\/revisions"}],"wp:attachment":[{"href":"https:\/\/www.foerderverein-kita-pye.de\/index.php?rest_route=%2Fwp%2Fv2%2Fmedia&parent=15"}],"curies":[{"name":"wp","href":"https:\/\/api.w.org\/{rel}","templated":true}]}}